{"id":955,"date":"2020-06-30T10:33:24","date_gmt":"2020-06-30T08:33:24","guid":{"rendered":"https:\/\/www.chateau-jaubertie.com\/le-chai\/"},"modified":"2025-03-18T12:07:08","modified_gmt":"2025-03-18T11:07:08","slug":"the-winery","status":"publish","type":"page","link":"https:\/\/www.chateau-jaubertie.com\/en\/the-jaubertie\/the-winery\/","title":{"rendered":"The winery"},"content":{"rendered":"","protected":false},"excerpt":{"rendered":"","protected":false},"author":1,"featured_media":1618,"parent":1038,"menu_order":3,"comment_status":"closed","ping_status":"closed","template":"edito.php","meta":{"_acf_changed":false,"footnotes":""},"class_list":["post-955","page","type-page","status-publish","has-post-thumbnail","hentry"],"acf":[],"yoast_head":"<!-- This site is optimized with the Yoast SEO plugin v27.4 - https:\/\/yoast.com\/product\/yoast-seo-wordpress\/ -->\n<title>The winery - Ch\u00e2teau de la Jaubertie<\/title>\n<meta name=\"description\" content=\"Apprenez-en plus sur la vinification et les m\u00e9thodes de vieillissement de nos vins au sein de notre chai.\" \/>\n<meta name=\"robots\" content=\"index, follow, max-snippet:-1, max-image-preview:large, max-video-preview:-1\" \/>\n<link rel=\"canonical\" href=\"https:\/\/www.chateau-jaubertie.com\/en\/the-jaubertie\/the-winery\/\" \/>\n<meta property=\"og:locale\" content=\"en_US\" \/>\n<meta property=\"og:type\" content=\"article\" \/>\n<meta property=\"og:title\" content=\"The winery - Ch\u00e2teau de la Jaubertie\" \/>\n<meta property=\"og:description\" content=\"Apprenez-en plus sur la vinification et les m\u00e9thodes de vieillissement de nos vins au sein de notre chai.\" \/>\n<meta property=\"og:url\" content=\"https:\/\/www.chateau-jaubertie.com\/en\/the-jaubertie\/the-winery\/\" \/>\n<meta property=\"og:site_name\" content=\"Ch\u00e2teau de la Jaubertie\" \/>\n<meta property=\"article:modified_time\" content=\"2025-03-18T11:07:08+00:00\" \/>\n<meta property=\"og:image\" content=\"https:\/\/www.chateau-jaubertie.com\/wp-content\/uploads\/2022\/08\/VH1_4849-scaled.jpg\" \/>\n\t<meta property=\"og:image:width\" content=\"2560\" \/>\n\t<meta property=\"og:image:height\" content=\"1709\" \/>\n\t<meta property=\"og:image:type\" content=\"image\/jpeg\" \/>\n<meta name=\"twitter:card\" content=\"summary_large_image\" \/>\n<meta name=\"twitter:label1\" content=\"Est. reading time\" \/>\n\t<meta name=\"twitter:data1\" content=\"1 minute\" \/>\n<script type=\"application\/ld+json\" class=\"yoast-schema-graph\">{\"@context\":\"https:\\\/\\\/schema.org\",\"@graph\":[{\"@type\":\"WebPage\",\"@id\":\"https:\\\/\\\/www.chateau-jaubertie.com\\\/en\\\/the-jaubertie\\\/the-winery\\\/\",\"url\":\"https:\\\/\\\/www.chateau-jaubertie.com\\\/en\\\/the-jaubertie\\\/the-winery\\\/\",\"name\":\"The winery - Ch\u00e2teau de la Jaubertie\",\"isPartOf\":{\"@id\":\"https:\\\/\\\/www.chateau-jaubertie.com\\\/#website\"},\"primaryImageOfPage\":{\"@id\":\"https:\\\/\\\/www.chateau-jaubertie.com\\\/en\\\/the-jaubertie\\\/the-winery\\\/#primaryimage\"},\"image\":{\"@id\":\"https:\\\/\\\/www.chateau-jaubertie.com\\\/en\\\/the-jaubertie\\\/the-winery\\\/#primaryimage\"},\"thumbnailUrl\":\"https:\\\/\\\/www.chateau-jaubertie.com\\\/wp-content\\\/uploads\\\/2022\\\/08\\\/VH1_4849-scaled.jpg\",\"datePublished\":\"2020-06-30T08:33:24+00:00\",\"dateModified\":\"2025-03-18T11:07:08+00:00\",\"description\":\"Apprenez-en plus sur la vinification et les m\u00e9thodes de vieillissement de nos vins au sein de notre chai.\",\"breadcrumb\":{\"@id\":\"https:\\\/\\\/www.chateau-jaubertie.com\\\/en\\\/the-jaubertie\\\/the-winery\\\/#breadcrumb\"},\"inLanguage\":\"en-US\",\"potentialAction\":[{\"@type\":\"ReadAction\",\"target\":[\"https:\\\/\\\/www.chateau-jaubertie.com\\\/en\\\/the-jaubertie\\\/the-winery\\\/\"]}]},{\"@type\":\"ImageObject\",\"inLanguage\":\"en-US\",\"@id\":\"https:\\\/\\\/www.chateau-jaubertie.com\\\/en\\\/the-jaubertie\\\/the-winery\\\/#primaryimage\",\"url\":\"https:\\\/\\\/www.chateau-jaubertie.com\\\/wp-content\\\/uploads\\\/2022\\\/08\\\/VH1_4849-scaled.jpg\",\"contentUrl\":\"https:\\\/\\\/www.chateau-jaubertie.com\\\/wp-content\\\/uploads\\\/2022\\\/08\\\/VH1_4849-scaled.jpg\",\"width\":2560,\"height\":1709},{\"@type\":\"BreadcrumbList\",\"@id\":\"https:\\\/\\\/www.chateau-jaubertie.com\\\/en\\\/the-jaubertie\\\/the-winery\\\/#breadcrumb\",\"itemListElement\":[{\"@type\":\"ListItem\",\"position\":1,\"name\":\"Accueil\",\"item\":\"https:\\\/\\\/www.chateau-jaubertie.com\\\/en\\\/\"},{\"@type\":\"ListItem\",\"position\":2,\"name\":\"The Jaubertie\",\"item\":\"https:\\\/\\\/www.chateau-jaubertie.com\\\/en\\\/the-jaubertie\\\/\"},{\"@type\":\"ListItem\",\"position\":3,\"name\":\"The winery\"}]},{\"@type\":\"WebSite\",\"@id\":\"https:\\\/\\\/www.chateau-jaubertie.com\\\/#website\",\"url\":\"https:\\\/\\\/www.chateau-jaubertie.com\\\/\",\"name\":\"Ch\u00e2teau de la Jaubertie\",\"description\":\"Un vin biologique alli\u00e9 \u00e0 la noblesse d\u2019un ch\u00e2teau d\u2019exception. Le Ch\u00e2teau de la Jaubertie propose des cuv\u00e9es de prestige de toutes les couleurs.\",\"potentialAction\":[{\"@type\":\"SearchAction\",\"target\":{\"@type\":\"EntryPoint\",\"urlTemplate\":\"https:\\\/\\\/www.chateau-jaubertie.com\\\/?s={search_term_string}\"},\"query-input\":{\"@type\":\"PropertyValueSpecification\",\"valueRequired\":true,\"valueName\":\"search_term_string\"}}],\"inLanguage\":\"en-US\"}]}<\/script>\n<!-- \/ Yoast SEO plugin. -->","yoast_head_json":{"title":"The winery - Ch\u00e2teau de la Jaubertie","description":"Apprenez-en plus sur la vinification et les m\u00e9thodes de vieillissement de nos vins au sein de notre chai.","robots":{"index":"index","follow":"follow","max-snippet":"max-snippet:-1","max-image-preview":"max-image-preview:large","max-video-preview":"max-video-preview:-1"},"canonical":"https:\/\/www.chateau-jaubertie.com\/en\/the-jaubertie\/the-winery\/","og_locale":"en_US","og_type":"article","og_title":"The winery - Ch\u00e2teau de la Jaubertie","og_description":"Apprenez-en plus sur la vinification et les m\u00e9thodes de vieillissement de nos vins au sein de notre chai.","og_url":"https:\/\/www.chateau-jaubertie.com\/en\/the-jaubertie\/the-winery\/","og_site_name":"Ch\u00e2teau de la Jaubertie","article_modified_time":"2025-03-18T11:07:08+00:00","og_image":[{"width":2560,"height":1709,"url":"https:\/\/www.chateau-jaubertie.com\/wp-content\/uploads\/2022\/08\/VH1_4849-scaled.jpg","type":"image\/jpeg"}],"twitter_card":"summary_large_image","twitter_misc":{"Est. reading time":"1 minute"},"schema":{"@context":"https:\/\/schema.org","@graph":[{"@type":"WebPage","@id":"https:\/\/www.chateau-jaubertie.com\/en\/the-jaubertie\/the-winery\/","url":"https:\/\/www.chateau-jaubertie.com\/en\/the-jaubertie\/the-winery\/","name":"The winery - Ch\u00e2teau de la Jaubertie","isPartOf":{"@id":"https:\/\/www.chateau-jaubertie.com\/#website"},"primaryImageOfPage":{"@id":"https:\/\/www.chateau-jaubertie.com\/en\/the-jaubertie\/the-winery\/#primaryimage"},"image":{"@id":"https:\/\/www.chateau-jaubertie.com\/en\/the-jaubertie\/the-winery\/#primaryimage"},"thumbnailUrl":"https:\/\/www.chateau-jaubertie.com\/wp-content\/uploads\/2022\/08\/VH1_4849-scaled.jpg","datePublished":"2020-06-30T08:33:24+00:00","dateModified":"2025-03-18T11:07:08+00:00","description":"Apprenez-en plus sur la vinification et les m\u00e9thodes de vieillissement de nos vins au sein de notre chai.","breadcrumb":{"@id":"https:\/\/www.chateau-jaubertie.com\/en\/the-jaubertie\/the-winery\/#breadcrumb"},"inLanguage":"en-US","potentialAction":[{"@type":"ReadAction","target":["https:\/\/www.chateau-jaubertie.com\/en\/the-jaubertie\/the-winery\/"]}]},{"@type":"ImageObject","inLanguage":"en-US","@id":"https:\/\/www.chateau-jaubertie.com\/en\/the-jaubertie\/the-winery\/#primaryimage","url":"https:\/\/www.chateau-jaubertie.com\/wp-content\/uploads\/2022\/08\/VH1_4849-scaled.jpg","contentUrl":"https:\/\/www.chateau-jaubertie.com\/wp-content\/uploads\/2022\/08\/VH1_4849-scaled.jpg","width":2560,"height":1709},{"@type":"BreadcrumbList","@id":"https:\/\/www.chateau-jaubertie.com\/en\/the-jaubertie\/the-winery\/#breadcrumb","itemListElement":[{"@type":"ListItem","position":1,"name":"Accueil","item":"https:\/\/www.chateau-jaubertie.com\/en\/"},{"@type":"ListItem","position":2,"name":"The Jaubertie","item":"https:\/\/www.chateau-jaubertie.com\/en\/the-jaubertie\/"},{"@type":"ListItem","position":3,"name":"The winery"}]},{"@type":"WebSite","@id":"https:\/\/www.chateau-jaubertie.com\/#website","url":"https:\/\/www.chateau-jaubertie.com\/","name":"Ch\u00e2teau de la Jaubertie","description":"Un vin biologique alli\u00e9 \u00e0 la noblesse d\u2019un ch\u00e2teau d\u2019exception. Le Ch\u00e2teau de la Jaubertie propose des cuv\u00e9es de prestige de toutes les couleurs.","potentialAction":[{"@type":"SearchAction","target":{"@type":"EntryPoint","urlTemplate":"https:\/\/www.chateau-jaubertie.com\/?s={search_term_string}"},"query-input":{"@type":"PropertyValueSpecification","valueRequired":true,"valueName":"search_term_string"}}],"inLanguage":"en-US"}]}},"_links":{"self":[{"href":"https:\/\/www.chateau-jaubertie.com\/en\/wp-json\/wp\/v2\/pages\/955","targetHints":{"allow":["GET"]}}],"collection":[{"href":"https:\/\/www.chateau-jaubertie.com\/en\/wp-json\/wp\/v2\/pages"}],"about":[{"href":"https:\/\/www.chateau-jaubertie.com\/en\/wp-json\/wp\/v2\/types\/page"}],"author":[{"embeddable":true,"href":"https:\/\/www.chateau-jaubertie.com\/en\/wp-json\/wp\/v2\/users\/1"}],"replies":[{"embeddable":true,"href":"https:\/\/www.chateau-jaubertie.com\/en\/wp-json\/wp\/v2\/comments?post=955"}],"version-history":[{"count":4,"href":"https:\/\/www.chateau-jaubertie.com\/en\/wp-json\/wp\/v2\/pages\/955\/revisions"}],"predecessor-version":[{"id":2783,"href":"https:\/\/www.chateau-jaubertie.com\/en\/wp-json\/wp\/v2\/pages\/955\/revisions\/2783"}],"up":[{"embeddable":true,"href":"https:\/\/www.chateau-jaubertie.com\/en\/wp-json\/wp\/v2\/pages\/1038"}],"wp:featuredmedia":[{"embeddable":true,"href":"https:\/\/www.chateau-jaubertie.com\/en\/wp-json\/wp\/v2\/media\/1618"}],"wp:attachment":[{"href":"https:\/\/www.chateau-jaubertie.com\/en\/wp-json\/wp\/v2\/media?parent=955"}],"curies":[{"name":"wp","href":"https:\/\/api.w.org\/{rel}","templated":true}]}}