{"id":1033,"date":"2020-08-31T16:50:14","date_gmt":"2020-08-31T14:50:14","guid":{"rendered":"https:\/\/www.chateau-jaubertie.com\/produit\/nos-autres-vins-chardonnay-non-boise\/"},"modified":"2025-06-17T15:12:31","modified_gmt":"2025-06-17T13:12:31","slug":"cuvee-unoaked-chardonnay","status":"publish","type":"product","link":"https:\/\/www.chateau-jaubertie.com\/en\/product\/cuvee-unoaked-chardonnay\/","title":{"rendered":"Chardonnay de la Jaubertie 2024"},"content":{"rendered":"<p>Le Chardonnay de la Jaubertie is a 100% Chardonnay.<\/p>\n","protected":false},"excerpt":{"rendered":"<p>Le Chardonnay de la Jaubertie is a 100% Chardonnay.<\/p>\n","protected":false},"featured_media":3092,"template":"","meta":{"_acf_changed":false},"product_brand":[],"product_cat":[23],"product_tag":[],"class_list":{"0":"post-1033","1":"product","2":"type-product","3":"status-publish","4":"has-post-thumbnail","6":"product_cat-wines","8":"first","9":"instock","10":"taxable","11":"shipping-taxable","12":"purchasable","13":"product-type-simple"},"acf":[],"yoast_head":"<!-- This site is optimized with the Yoast SEO plugin v27.4 - https:\/\/yoast.com\/product\/yoast-seo-wordpress\/ -->\n<title>Chardonnay de la Jaubertie 2024 - Ch\u00e2teau de la Jaubertie<\/title>\n<meta name=\"description\" content=\"Le Chardonnay de la Jaubertie is a 100% Chardonnay.\" \/>\n<meta name=\"robots\" content=\"index, follow, max-snippet:-1, max-image-preview:large, max-video-preview:-1\" \/>\n<link rel=\"canonical\" href=\"https:\/\/www.chateau-jaubertie.com\/en\/product\/cuvee-unoaked-chardonnay\/\" \/>\n<meta property=\"og:locale\" content=\"en_US\" \/>\n<meta property=\"og:type\" content=\"article\" \/>\n<meta property=\"og:title\" content=\"Chardonnay de la Jaubertie 2024 - Ch\u00e2teau de la Jaubertie\" \/>\n<meta property=\"og:description\" content=\"Le Chardonnay de la Jaubertie is a 100% Chardonnay.\" \/>\n<meta property=\"og:url\" content=\"https:\/\/www.chateau-jaubertie.com\/en\/product\/cuvee-unoaked-chardonnay\/\" \/>\n<meta property=\"og:site_name\" content=\"Ch\u00e2teau de la Jaubertie\" \/>\n<meta property=\"article:modified_time\" content=\"2025-06-17T13:12:31+00:00\" \/>\n<meta property=\"og:image\" content=\"https:\/\/www.chateau-jaubertie.com\/wp-content\/uploads\/2025\/06\/VH106405-scaled.jpg\" \/>\n\t<meta property=\"og:image:width\" content=\"1707\" \/>\n\t<meta property=\"og:image:height\" content=\"2560\" \/>\n\t<meta property=\"og:image:type\" content=\"image\/jpeg\" \/>\n<meta name=\"twitter:card\" content=\"summary_large_image\" \/>\n<meta name=\"twitter:label1\" content=\"Est. reading time\" \/>\n\t<meta name=\"twitter:data1\" content=\"2 minutes\" \/>\n<script type=\"application\/ld+json\" class=\"yoast-schema-graph\">{\"@context\":\"https:\\\/\\\/schema.org\",\"@graph\":[{\"@type\":\"WebPage\",\"@id\":\"https:\\\/\\\/www.chateau-jaubertie.com\\\/en\\\/product\\\/cuvee-unoaked-chardonnay\\\/\",\"url\":\"https:\\\/\\\/www.chateau-jaubertie.com\\\/en\\\/product\\\/cuvee-unoaked-chardonnay\\\/\",\"name\":\"Chardonnay de la Jaubertie 2024 - Ch\u00e2teau de la Jaubertie\",\"isPartOf\":{\"@id\":\"https:\\\/\\\/www.chateau-jaubertie.com\\\/#website\"},\"primaryImageOfPage\":{\"@id\":\"https:\\\/\\\/www.chateau-jaubertie.com\\\/en\\\/product\\\/cuvee-unoaked-chardonnay\\\/#primaryimage\"},\"image\":{\"@id\":\"https:\\\/\\\/www.chateau-jaubertie.com\\\/en\\\/product\\\/cuvee-unoaked-chardonnay\\\/#primaryimage\"},\"thumbnailUrl\":\"https:\\\/\\\/www.chateau-jaubertie.com\\\/wp-content\\\/uploads\\\/2025\\\/06\\\/VH106405-scaled.jpg\",\"datePublished\":\"2020-08-31T14:50:14+00:00\",\"dateModified\":\"2025-06-17T13:12:31+00:00\",\"description\":\"Le Chardonnay de la Jaubertie is a 100% Chardonnay.\",\"breadcrumb\":{\"@id\":\"https:\\\/\\\/www.chateau-jaubertie.com\\\/en\\\/product\\\/cuvee-unoaked-chardonnay\\\/#breadcrumb\"},\"inLanguage\":\"en-US\",\"potentialAction\":[{\"@type\":\"ReadAction\",\"target\":[\"https:\\\/\\\/www.chateau-jaubertie.com\\\/en\\\/product\\\/cuvee-unoaked-chardonnay\\\/\"]}]},{\"@type\":\"ImageObject\",\"inLanguage\":\"en-US\",\"@id\":\"https:\\\/\\\/www.chateau-jaubertie.com\\\/en\\\/product\\\/cuvee-unoaked-chardonnay\\\/#primaryimage\",\"url\":\"https:\\\/\\\/www.chateau-jaubertie.com\\\/wp-content\\\/uploads\\\/2025\\\/06\\\/VH106405-scaled.jpg\",\"contentUrl\":\"https:\\\/\\\/www.chateau-jaubertie.com\\\/wp-content\\\/uploads\\\/2025\\\/06\\\/VH106405-scaled.jpg\",\"width\":1707,\"height\":2560},{\"@type\":\"BreadcrumbList\",\"@id\":\"https:\\\/\\\/www.chateau-jaubertie.com\\\/en\\\/product\\\/cuvee-unoaked-chardonnay\\\/#breadcrumb\",\"itemListElement\":[{\"@type\":\"ListItem\",\"position\":1,\"name\":\"Accueil\",\"item\":\"https:\\\/\\\/www.chateau-jaubertie.com\\\/en\\\/\"},{\"@type\":\"ListItem\",\"position\":2,\"name\":\"Shop\",\"item\":\"https:\\\/\\\/www.chateau-jaubertie.com\\\/en\\\/shop\\\/\"},{\"@type\":\"ListItem\",\"position\":3,\"name\":\"Chardonnay de la Jaubertie 2024\"}]},{\"@type\":\"WebSite\",\"@id\":\"https:\\\/\\\/www.chateau-jaubertie.com\\\/#website\",\"url\":\"https:\\\/\\\/www.chateau-jaubertie.com\\\/\",\"name\":\"Ch\u00e2teau de la Jaubertie\",\"description\":\"Un vin biologique alli\u00e9 \u00e0 la noblesse d\u2019un ch\u00e2teau d\u2019exception. Le Ch\u00e2teau de la Jaubertie propose des cuv\u00e9es de prestige de toutes les couleurs.\",\"potentialAction\":[{\"@type\":\"SearchAction\",\"target\":{\"@type\":\"EntryPoint\",\"urlTemplate\":\"https:\\\/\\\/www.chateau-jaubertie.com\\\/?s={search_term_string}\"},\"query-input\":{\"@type\":\"PropertyValueSpecification\",\"valueRequired\":true,\"valueName\":\"search_term_string\"}}],\"inLanguage\":\"en-US\"}]}<\/script>\n<!-- \/ Yoast SEO plugin. -->","yoast_head_json":{"title":"Chardonnay de la Jaubertie 2024 - Ch\u00e2teau de la Jaubertie","description":"Le Chardonnay de la Jaubertie is a 100% Chardonnay.","robots":{"index":"index","follow":"follow","max-snippet":"max-snippet:-1","max-image-preview":"max-image-preview:large","max-video-preview":"max-video-preview:-1"},"canonical":"https:\/\/www.chateau-jaubertie.com\/en\/product\/cuvee-unoaked-chardonnay\/","og_locale":"en_US","og_type":"article","og_title":"Chardonnay de la Jaubertie 2024 - Ch\u00e2teau de la Jaubertie","og_description":"Le Chardonnay de la Jaubertie is a 100% Chardonnay.","og_url":"https:\/\/www.chateau-jaubertie.com\/en\/product\/cuvee-unoaked-chardonnay\/","og_site_name":"Ch\u00e2teau de la Jaubertie","article_modified_time":"2025-06-17T13:12:31+00:00","og_image":[{"width":1707,"height":2560,"url":"https:\/\/www.chateau-jaubertie.com\/wp-content\/uploads\/2025\/06\/VH106405-scaled.jpg","type":"image\/jpeg"}],"twitter_card":"summary_large_image","twitter_misc":{"Est. reading time":"2 minutes"},"schema":{"@context":"https:\/\/schema.org","@graph":[{"@type":"WebPage","@id":"https:\/\/www.chateau-jaubertie.com\/en\/product\/cuvee-unoaked-chardonnay\/","url":"https:\/\/www.chateau-jaubertie.com\/en\/product\/cuvee-unoaked-chardonnay\/","name":"Chardonnay de la Jaubertie 2024 - Ch\u00e2teau de la Jaubertie","isPartOf":{"@id":"https:\/\/www.chateau-jaubertie.com\/#website"},"primaryImageOfPage":{"@id":"https:\/\/www.chateau-jaubertie.com\/en\/product\/cuvee-unoaked-chardonnay\/#primaryimage"},"image":{"@id":"https:\/\/www.chateau-jaubertie.com\/en\/product\/cuvee-unoaked-chardonnay\/#primaryimage"},"thumbnailUrl":"https:\/\/www.chateau-jaubertie.com\/wp-content\/uploads\/2025\/06\/VH106405-scaled.jpg","datePublished":"2020-08-31T14:50:14+00:00","dateModified":"2025-06-17T13:12:31+00:00","description":"Le Chardonnay de la Jaubertie is a 100% Chardonnay.","breadcrumb":{"@id":"https:\/\/www.chateau-jaubertie.com\/en\/product\/cuvee-unoaked-chardonnay\/#breadcrumb"},"inLanguage":"en-US","potentialAction":[{"@type":"ReadAction","target":["https:\/\/www.chateau-jaubertie.com\/en\/product\/cuvee-unoaked-chardonnay\/"]}]},{"@type":"ImageObject","inLanguage":"en-US","@id":"https:\/\/www.chateau-jaubertie.com\/en\/product\/cuvee-unoaked-chardonnay\/#primaryimage","url":"https:\/\/www.chateau-jaubertie.com\/wp-content\/uploads\/2025\/06\/VH106405-scaled.jpg","contentUrl":"https:\/\/www.chateau-jaubertie.com\/wp-content\/uploads\/2025\/06\/VH106405-scaled.jpg","width":1707,"height":2560},{"@type":"BreadcrumbList","@id":"https:\/\/www.chateau-jaubertie.com\/en\/product\/cuvee-unoaked-chardonnay\/#breadcrumb","itemListElement":[{"@type":"ListItem","position":1,"name":"Accueil","item":"https:\/\/www.chateau-jaubertie.com\/en\/"},{"@type":"ListItem","position":2,"name":"Shop","item":"https:\/\/www.chateau-jaubertie.com\/en\/shop\/"},{"@type":"ListItem","position":3,"name":"Chardonnay de la Jaubertie 2024"}]},{"@type":"WebSite","@id":"https:\/\/www.chateau-jaubertie.com\/#website","url":"https:\/\/www.chateau-jaubertie.com\/","name":"Ch\u00e2teau de la Jaubertie","description":"Un vin biologique alli\u00e9 \u00e0 la noblesse d\u2019un ch\u00e2teau d\u2019exception. Le Ch\u00e2teau de la Jaubertie propose des cuv\u00e9es de prestige de toutes les couleurs.","potentialAction":[{"@type":"SearchAction","target":{"@type":"EntryPoint","urlTemplate":"https:\/\/www.chateau-jaubertie.com\/?s={search_term_string}"},"query-input":{"@type":"PropertyValueSpecification","valueRequired":true,"valueName":"search_term_string"}}],"inLanguage":"en-US"}]}},"_links":{"self":[{"href":"https:\/\/www.chateau-jaubertie.com\/en\/wp-json\/wp\/v2\/product\/1033","targetHints":{"allow":["GET"]}}],"collection":[{"href":"https:\/\/www.chateau-jaubertie.com\/en\/wp-json\/wp\/v2\/product"}],"about":[{"href":"https:\/\/www.chateau-jaubertie.com\/en\/wp-json\/wp\/v2\/types\/product"}],"wp:featuredmedia":[{"embeddable":true,"href":"https:\/\/www.chateau-jaubertie.com\/en\/wp-json\/wp\/v2\/media\/3092"}],"wp:attachment":[{"href":"https:\/\/www.chateau-jaubertie.com\/en\/wp-json\/wp\/v2\/media?parent=1033"}],"wp:term":[{"taxonomy":"product_brand","embeddable":true,"href":"https:\/\/www.chateau-jaubertie.com\/en\/wp-json\/wp\/v2\/product_brand?post=1033"},{"taxonomy":"product_cat","embeddable":true,"href":"https:\/\/www.chateau-jaubertie.com\/en\/wp-json\/wp\/v2\/product_cat?post=1033"},{"taxonomy":"product_tag","embeddable":true,"href":"https:\/\/www.chateau-jaubertie.com\/en\/wp-json\/wp\/v2\/product_tag?post=1033"}],"curies":[{"name":"wp","href":"https:\/\/api.w.org\/{rel}","templated":true}]}}