{"id":2950,"date":"2025-04-29T14:45:59","date_gmt":"2025-04-29T12:45:59","guid":{"rendered":"https:\/\/www.chateau-jaubertie.com\/?post_type=product&#038;p=2950"},"modified":"2026-04-24T16:30:57","modified_gmt":"2026-04-24T14:30:57","slug":"gourmet-picnic-baskets-from-la-jaubertie","status":"publish","type":"product","link":"https:\/\/www.chateau-jaubertie.com\/en\/product\/gourmet-picnic-baskets-from-la-jaubertie\/","title":{"rendered":"Gourmet picnic baskets from La Jaubertie"},"content":{"rendered":"<p class=\"\" data-start=\"85\" data-end=\"563\">Available every Tuesday, Wednesday, Thursday, and Friday from 11 a.m. to 2 p.m. throughout the summer season (June to August), we offer a gourmet escape in the heart of nature with our picnic baskets. Made with carefully selected local products and paired with the estate\u2019s wines, each picnic basket comes with a blanket and a map to help you find the perfect spot to enjoy this peaceful moment. Wooden tables set among the vines are also available for those who prefer a more comfortable setting. Special attention is given to children, making it a delightful experience for the whole family.<\/p>\n<p class=\"\" data-start=\"565\" data-end=\"614\"><u>Contents of the 100% P\u00e9rigord gourmet basket:<br \/>\n<\/u><br \/>\nDuck rillettes and black ham from P\u00e9rigord,<br \/>\nWhite Truffle Chips,<br \/>\n\u201cBouchon cendr\u00e9\u201d goat cheese,<br \/>\nFresh vegetables,<br \/>\nArtisanal bread and dessert,<br \/>\nA fruit juice for children,<br \/>\nAnd a 75cl bottle of our Cuv\u00e9e Tradition \u2013 white, ros\u00e9, sweet, or red \u2013 for 2 adults.<\/p>\n<p><strong><em>Bookings must be made at least 24 hours in advance<\/em><\/strong><br \/>\n<strong><em>Children under 12: \u20ac12\/child<\/em><\/strong><br \/>\n<strong><em>Adult : 20\u20ac\/adult<\/em><\/strong><br \/>\n<strong><em>Please indicate in the comment box below if you will be accompanied by children. Do not include them in the online booking; mention them in the comments and pay on site<\/em><\/strong><\/p>\n","protected":false},"excerpt":{"rendered":"<p>Available every Tuesday, Wednesday, Thursday, and Friday from 11 a.m. to 2 p.m. throughout the summer season (June to August), we offer a gourmet escape in the heart of nature with our picnic baskets. Made with carefully selected local products and paired with the estate\u2019s wines, each picnic basket comes with a blanket and a\u2026<\/p>\n","protected":false},"featured_media":3527,"template":"","meta":{"_acf_changed":false},"product_brand":[],"product_cat":[],"product_tag":[],"class_list":{"0":"post-2950","1":"product","2":"type-product","3":"status-publish","4":"has-post-thumbnail","7":"first","8":"instock","9":"taxable","10":"shipping-taxable","11":"purchasable","12":"product-type-variable"},"acf":[],"yoast_head":"<!-- This site is optimized with the Yoast SEO plugin v27.4 - https:\/\/yoast.com\/product\/yoast-seo-wordpress\/ -->\n<title>Gourmet picnic baskets from La Jaubertie - Ch\u00e2teau de la Jaubertie<\/title>\n<meta name=\"description\" content=\"Available every Tuesday, Wednesday, Thursday, and Friday from 11 a.m. to 2 p.m. throughout the summer season (June to August), we offer a gourmet escape\" \/>\n<meta name=\"robots\" content=\"index, follow, max-snippet:-1, max-image-preview:large, max-video-preview:-1\" \/>\n<link rel=\"canonical\" href=\"https:\/\/www.chateau-jaubertie.com\/en\/product\/gourmet-picnic-baskets-from-la-jaubertie\/\" \/>\n<meta property=\"og:locale\" content=\"en_US\" \/>\n<meta property=\"og:type\" content=\"article\" \/>\n<meta property=\"og:title\" content=\"Gourmet picnic baskets from La Jaubertie - Ch\u00e2teau de la Jaubertie\" \/>\n<meta property=\"og:description\" content=\"Available every Tuesday, Wednesday, Thursday, and Friday from 11 a.m. to 2 p.m. throughout the summer season (June to August), we offer a gourmet escape\" \/>\n<meta property=\"og:url\" content=\"https:\/\/www.chateau-jaubertie.com\/en\/product\/gourmet-picnic-baskets-from-la-jaubertie\/\" \/>\n<meta property=\"og:site_name\" content=\"Ch\u00e2teau de la Jaubertie\" \/>\n<meta property=\"article:modified_time\" content=\"2026-04-24T14:30:57+00:00\" \/>\n<meta property=\"og:image\" content=\"https:\/\/www.chateau-jaubertie.com\/wp-content\/uploads\/2025\/04\/ChatGPT-Image-20-avr.-2026-12_45_47-683x1024.png\" \/>\n\t<meta property=\"og:image:width\" content=\"683\" \/>\n\t<meta property=\"og:image:height\" content=\"1024\" \/>\n\t<meta property=\"og:image:type\" content=\"image\/png\" \/>\n<meta name=\"twitter:card\" content=\"summary_large_image\" \/>\n<meta name=\"twitter:label1\" content=\"Est. reading time\" \/>\n\t<meta name=\"twitter:data1\" content=\"2 minutes\" \/>\n<script type=\"application\/ld+json\" class=\"yoast-schema-graph\">{\"@context\":\"https:\\\/\\\/schema.org\",\"@graph\":[{\"@type\":\"WebPage\",\"@id\":\"https:\\\/\\\/www.chateau-jaubertie.com\\\/en\\\/product\\\/gourmet-picnic-baskets-from-la-jaubertie\\\/\",\"url\":\"https:\\\/\\\/www.chateau-jaubertie.com\\\/en\\\/product\\\/gourmet-picnic-baskets-from-la-jaubertie\\\/\",\"name\":\"Gourmet picnic baskets from La Jaubertie - Ch\u00e2teau de la Jaubertie\",\"isPartOf\":{\"@id\":\"https:\\\/\\\/www.chateau-jaubertie.com\\\/#website\"},\"primaryImageOfPage\":{\"@id\":\"https:\\\/\\\/www.chateau-jaubertie.com\\\/en\\\/product\\\/gourmet-picnic-baskets-from-la-jaubertie\\\/#primaryimage\"},\"image\":{\"@id\":\"https:\\\/\\\/www.chateau-jaubertie.com\\\/en\\\/product\\\/gourmet-picnic-baskets-from-la-jaubertie\\\/#primaryimage\"},\"thumbnailUrl\":\"https:\\\/\\\/www.chateau-jaubertie.com\\\/wp-content\\\/uploads\\\/2025\\\/04\\\/ChatGPT-Image-20-avr.-2026-12_45_47.png\",\"datePublished\":\"2025-04-29T12:45:59+00:00\",\"dateModified\":\"2026-04-24T14:30:57+00:00\",\"description\":\"Available every Tuesday, Wednesday, Thursday, and Friday from 11 a.m. to 2 p.m. throughout the summer season (June to August), we offer a gourmet escape\",\"breadcrumb\":{\"@id\":\"https:\\\/\\\/www.chateau-jaubertie.com\\\/en\\\/product\\\/gourmet-picnic-baskets-from-la-jaubertie\\\/#breadcrumb\"},\"inLanguage\":\"en-US\",\"potentialAction\":[{\"@type\":\"ReadAction\",\"target\":[\"https:\\\/\\\/www.chateau-jaubertie.com\\\/en\\\/product\\\/gourmet-picnic-baskets-from-la-jaubertie\\\/\"]}]},{\"@type\":\"ImageObject\",\"inLanguage\":\"en-US\",\"@id\":\"https:\\\/\\\/www.chateau-jaubertie.com\\\/en\\\/product\\\/gourmet-picnic-baskets-from-la-jaubertie\\\/#primaryimage\",\"url\":\"https:\\\/\\\/www.chateau-jaubertie.com\\\/wp-content\\\/uploads\\\/2025\\\/04\\\/ChatGPT-Image-20-avr.-2026-12_45_47.png\",\"contentUrl\":\"https:\\\/\\\/www.chateau-jaubertie.com\\\/wp-content\\\/uploads\\\/2025\\\/04\\\/ChatGPT-Image-20-avr.-2026-12_45_47.png\",\"width\":1024,\"height\":1536},{\"@type\":\"BreadcrumbList\",\"@id\":\"https:\\\/\\\/www.chateau-jaubertie.com\\\/en\\\/product\\\/gourmet-picnic-baskets-from-la-jaubertie\\\/#breadcrumb\",\"itemListElement\":[{\"@type\":\"ListItem\",\"position\":1,\"name\":\"Accueil\",\"item\":\"https:\\\/\\\/www.chateau-jaubertie.com\\\/en\\\/\"},{\"@type\":\"ListItem\",\"position\":2,\"name\":\"Shop\",\"item\":\"https:\\\/\\\/www.chateau-jaubertie.com\\\/en\\\/shop\\\/\"},{\"@type\":\"ListItem\",\"position\":3,\"name\":\"Gourmet picnic baskets from La Jaubertie\"}]},{\"@type\":\"WebSite\",\"@id\":\"https:\\\/\\\/www.chateau-jaubertie.com\\\/#website\",\"url\":\"https:\\\/\\\/www.chateau-jaubertie.com\\\/\",\"name\":\"Ch\u00e2teau de la Jaubertie\",\"description\":\"Un vin biologique alli\u00e9 \u00e0 la noblesse d\u2019un ch\u00e2teau d\u2019exception. Le Ch\u00e2teau de la Jaubertie propose des cuv\u00e9es de prestige de toutes les couleurs.\",\"potentialAction\":[{\"@type\":\"SearchAction\",\"target\":{\"@type\":\"EntryPoint\",\"urlTemplate\":\"https:\\\/\\\/www.chateau-jaubertie.com\\\/?s={search_term_string}\"},\"query-input\":{\"@type\":\"PropertyValueSpecification\",\"valueRequired\":true,\"valueName\":\"search_term_string\"}}],\"inLanguage\":\"en-US\"}]}<\/script>\n<!-- \/ Yoast SEO plugin. -->","yoast_head_json":{"title":"Gourmet picnic baskets from La Jaubertie - Ch\u00e2teau de la Jaubertie","description":"Available every Tuesday, Wednesday, Thursday, and Friday from 11 a.m. to 2 p.m. throughout the summer season (June to August), we offer a gourmet escape","robots":{"index":"index","follow":"follow","max-snippet":"max-snippet:-1","max-image-preview":"max-image-preview:large","max-video-preview":"max-video-preview:-1"},"canonical":"https:\/\/www.chateau-jaubertie.com\/en\/product\/gourmet-picnic-baskets-from-la-jaubertie\/","og_locale":"en_US","og_type":"article","og_title":"Gourmet picnic baskets from La Jaubertie - Ch\u00e2teau de la Jaubertie","og_description":"Available every Tuesday, Wednesday, Thursday, and Friday from 11 a.m. to 2 p.m. throughout the summer season (June to August), we offer a gourmet escape","og_url":"https:\/\/www.chateau-jaubertie.com\/en\/product\/gourmet-picnic-baskets-from-la-jaubertie\/","og_site_name":"Ch\u00e2teau de la Jaubertie","article_modified_time":"2026-04-24T14:30:57+00:00","og_image":[{"width":683,"height":1024,"url":"https:\/\/www.chateau-jaubertie.com\/wp-content\/uploads\/2025\/04\/ChatGPT-Image-20-avr.-2026-12_45_47-683x1024.png","type":"image\/png"}],"twitter_card":"summary_large_image","twitter_misc":{"Est. reading time":"2 minutes"},"schema":{"@context":"https:\/\/schema.org","@graph":[{"@type":"WebPage","@id":"https:\/\/www.chateau-jaubertie.com\/en\/product\/gourmet-picnic-baskets-from-la-jaubertie\/","url":"https:\/\/www.chateau-jaubertie.com\/en\/product\/gourmet-picnic-baskets-from-la-jaubertie\/","name":"Gourmet picnic baskets from La Jaubertie - Ch\u00e2teau de la Jaubertie","isPartOf":{"@id":"https:\/\/www.chateau-jaubertie.com\/#website"},"primaryImageOfPage":{"@id":"https:\/\/www.chateau-jaubertie.com\/en\/product\/gourmet-picnic-baskets-from-la-jaubertie\/#primaryimage"},"image":{"@id":"https:\/\/www.chateau-jaubertie.com\/en\/product\/gourmet-picnic-baskets-from-la-jaubertie\/#primaryimage"},"thumbnailUrl":"https:\/\/www.chateau-jaubertie.com\/wp-content\/uploads\/2025\/04\/ChatGPT-Image-20-avr.-2026-12_45_47.png","datePublished":"2025-04-29T12:45:59+00:00","dateModified":"2026-04-24T14:30:57+00:00","description":"Available every Tuesday, Wednesday, Thursday, and Friday from 11 a.m. to 2 p.m. throughout the summer season (June to August), we offer a gourmet escape","breadcrumb":{"@id":"https:\/\/www.chateau-jaubertie.com\/en\/product\/gourmet-picnic-baskets-from-la-jaubertie\/#breadcrumb"},"inLanguage":"en-US","potentialAction":[{"@type":"ReadAction","target":["https:\/\/www.chateau-jaubertie.com\/en\/product\/gourmet-picnic-baskets-from-la-jaubertie\/"]}]},{"@type":"ImageObject","inLanguage":"en-US","@id":"https:\/\/www.chateau-jaubertie.com\/en\/product\/gourmet-picnic-baskets-from-la-jaubertie\/#primaryimage","url":"https:\/\/www.chateau-jaubertie.com\/wp-content\/uploads\/2025\/04\/ChatGPT-Image-20-avr.-2026-12_45_47.png","contentUrl":"https:\/\/www.chateau-jaubertie.com\/wp-content\/uploads\/2025\/04\/ChatGPT-Image-20-avr.-2026-12_45_47.png","width":1024,"height":1536},{"@type":"BreadcrumbList","@id":"https:\/\/www.chateau-jaubertie.com\/en\/product\/gourmet-picnic-baskets-from-la-jaubertie\/#breadcrumb","itemListElement":[{"@type":"ListItem","position":1,"name":"Accueil","item":"https:\/\/www.chateau-jaubertie.com\/en\/"},{"@type":"ListItem","position":2,"name":"Shop","item":"https:\/\/www.chateau-jaubertie.com\/en\/shop\/"},{"@type":"ListItem","position":3,"name":"Gourmet picnic baskets from La Jaubertie"}]},{"@type":"WebSite","@id":"https:\/\/www.chateau-jaubertie.com\/#website","url":"https:\/\/www.chateau-jaubertie.com\/","name":"Ch\u00e2teau de la Jaubertie","description":"Un vin biologique alli\u00e9 \u00e0 la noblesse d\u2019un ch\u00e2teau d\u2019exception. Le Ch\u00e2teau de la Jaubertie propose des cuv\u00e9es de prestige de toutes les couleurs.","potentialAction":[{"@type":"SearchAction","target":{"@type":"EntryPoint","urlTemplate":"https:\/\/www.chateau-jaubertie.com\/?s={search_term_string}"},"query-input":{"@type":"PropertyValueSpecification","valueRequired":true,"valueName":"search_term_string"}}],"inLanguage":"en-US"}]}},"_links":{"self":[{"href":"https:\/\/www.chateau-jaubertie.com\/en\/wp-json\/wp\/v2\/product\/2950","targetHints":{"allow":["GET"]}}],"collection":[{"href":"https:\/\/www.chateau-jaubertie.com\/en\/wp-json\/wp\/v2\/product"}],"about":[{"href":"https:\/\/www.chateau-jaubertie.com\/en\/wp-json\/wp\/v2\/types\/product"}],"wp:featuredmedia":[{"embeddable":true,"href":"https:\/\/www.chateau-jaubertie.com\/en\/wp-json\/wp\/v2\/media\/3527"}],"wp:attachment":[{"href":"https:\/\/www.chateau-jaubertie.com\/en\/wp-json\/wp\/v2\/media?parent=2950"}],"wp:term":[{"taxonomy":"product_brand","embeddable":true,"href":"https:\/\/www.chateau-jaubertie.com\/en\/wp-json\/wp\/v2\/product_brand?post=2950"},{"taxonomy":"product_cat","embeddable":true,"href":"https:\/\/www.chateau-jaubertie.com\/en\/wp-json\/wp\/v2\/product_cat?post=2950"},{"taxonomy":"product_tag","embeddable":true,"href":"https:\/\/www.chateau-jaubertie.com\/en\/wp-json\/wp\/v2\/product_tag?post=2950"}],"curies":[{"name":"wp","href":"https:\/\/api.w.org\/{rel}","templated":true}]}}