{"id":940,"date":"2020-07-10T15:49:27","date_gmt":"2020-07-10T13:49:27","guid":{"rendered":"https:\/\/www.chateau-jaubertie.com\/produit\/cuvee-tradition-rose\/"},"modified":"2026-03-24T14:09:08","modified_gmt":"2026-03-24T13:09:08","slug":"tradition-rose","status":"publish","type":"product","link":"https:\/\/www.chateau-jaubertie.com\/en\/product\/tradition-rose\/","title":{"rendered":"Tradition Ros\u00e9 2024"},"content":{"rendered":"<p>The Tradition Ros\u00e9 is a blend of 60% Merlot and 40% Cabernet Sauvignon.<\/p>\n<p>Purchase 6 bottles of our Tradition Ros\u00e9 2024 and receive one free bottle. Offer can be combined with multiple boxes. Code: TRADROSE2024<\/p>\n","protected":false},"excerpt":{"rendered":"<p>The Tradition Ros\u00e9 is a blend of 60% Merlot and 40% Cabernet Sauvignon. Purchase 6 bottles of our Tradition Ros\u00e9 2024 and receive one free bottle. Offer can be combined with multiple boxes. Code: TRADROSE2024<\/p>\n","protected":false},"featured_media":3094,"template":"","meta":{"_acf_changed":false},"product_brand":[],"product_cat":[23],"product_tag":[],"class_list":{"0":"post-940","1":"product","2":"type-product","3":"status-publish","4":"has-post-thumbnail","6":"product_cat-wines","8":"first","9":"instock","10":"taxable","11":"shipping-taxable","12":"purchasable","13":"product-type-simple"},"acf":[],"yoast_head":"<!-- This site is optimized with the Yoast SEO plugin v27.4 - https:\/\/yoast.com\/product\/yoast-seo-wordpress\/ -->\n<title>Tradition Ros\u00e9 2024 - Ch\u00e2teau de la Jaubertie<\/title>\n<meta name=\"description\" content=\"The Tradition Ros\u00e9 is a blend of 60% Merlot and 40% Cabernet Sauvignon. Purchase 6 bottles of our Tradition Ros\u00e9 2024 and receive one free bottle. Offer\" \/>\n<meta name=\"robots\" content=\"index, follow, max-snippet:-1, max-image-preview:large, max-video-preview:-1\" \/>\n<link rel=\"canonical\" href=\"https:\/\/www.chateau-jaubertie.com\/en\/product\/tradition-rose\/\" \/>\n<meta property=\"og:locale\" content=\"en_US\" \/>\n<meta property=\"og:type\" content=\"article\" \/>\n<meta property=\"og:title\" content=\"Tradition Ros\u00e9 2024 - Ch\u00e2teau de la Jaubertie\" \/>\n<meta property=\"og:description\" content=\"The Tradition Ros\u00e9 is a blend of 60% Merlot and 40% Cabernet Sauvignon. Purchase 6 bottles of our Tradition Ros\u00e9 2024 and receive one free bottle. Offer\" \/>\n<meta property=\"og:url\" content=\"https:\/\/www.chateau-jaubertie.com\/en\/product\/tradition-rose\/\" \/>\n<meta property=\"og:site_name\" content=\"Ch\u00e2teau de la Jaubertie\" \/>\n<meta property=\"article:modified_time\" content=\"2026-03-24T13:09:08+00:00\" \/>\n<meta property=\"og:image\" content=\"https:\/\/www.chateau-jaubertie.com\/wp-content\/uploads\/2025\/06\/VH106420-scaled.jpg\" \/>\n\t<meta property=\"og:image:width\" content=\"1707\" \/>\n\t<meta property=\"og:image:height\" content=\"2560\" \/>\n\t<meta property=\"og:image:type\" content=\"image\/jpeg\" \/>\n<meta name=\"twitter:card\" content=\"summary_large_image\" \/>\n<meta name=\"twitter:label1\" content=\"Est. reading time\" \/>\n\t<meta name=\"twitter:data1\" content=\"2 minutes\" \/>\n<script type=\"application\/ld+json\" class=\"yoast-schema-graph\">{\"@context\":\"https:\\\/\\\/schema.org\",\"@graph\":[{\"@type\":\"WebPage\",\"@id\":\"https:\\\/\\\/www.chateau-jaubertie.com\\\/en\\\/product\\\/tradition-rose\\\/\",\"url\":\"https:\\\/\\\/www.chateau-jaubertie.com\\\/en\\\/product\\\/tradition-rose\\\/\",\"name\":\"Tradition Ros\u00e9 2024 - Ch\u00e2teau de la Jaubertie\",\"isPartOf\":{\"@id\":\"https:\\\/\\\/www.chateau-jaubertie.com\\\/#website\"},\"primaryImageOfPage\":{\"@id\":\"https:\\\/\\\/www.chateau-jaubertie.com\\\/en\\\/product\\\/tradition-rose\\\/#primaryimage\"},\"image\":{\"@id\":\"https:\\\/\\\/www.chateau-jaubertie.com\\\/en\\\/product\\\/tradition-rose\\\/#primaryimage\"},\"thumbnailUrl\":\"https:\\\/\\\/www.chateau-jaubertie.com\\\/wp-content\\\/uploads\\\/2025\\\/06\\\/VH106420-scaled.jpg\",\"datePublished\":\"2020-07-10T13:49:27+00:00\",\"dateModified\":\"2026-03-24T13:09:08+00:00\",\"description\":\"The Tradition Ros\u00e9 is a blend of 60% Merlot and 40% Cabernet Sauvignon. Purchase 6 bottles of our Tradition Ros\u00e9 2024 and receive one free bottle. Offer\",\"breadcrumb\":{\"@id\":\"https:\\\/\\\/www.chateau-jaubertie.com\\\/en\\\/product\\\/tradition-rose\\\/#breadcrumb\"},\"inLanguage\":\"en-US\",\"potentialAction\":[{\"@type\":\"ReadAction\",\"target\":[\"https:\\\/\\\/www.chateau-jaubertie.com\\\/en\\\/product\\\/tradition-rose\\\/\"]}]},{\"@type\":\"ImageObject\",\"inLanguage\":\"en-US\",\"@id\":\"https:\\\/\\\/www.chateau-jaubertie.com\\\/en\\\/product\\\/tradition-rose\\\/#primaryimage\",\"url\":\"https:\\\/\\\/www.chateau-jaubertie.com\\\/wp-content\\\/uploads\\\/2025\\\/06\\\/VH106420-scaled.jpg\",\"contentUrl\":\"https:\\\/\\\/www.chateau-jaubertie.com\\\/wp-content\\\/uploads\\\/2025\\\/06\\\/VH106420-scaled.jpg\",\"width\":1707,\"height\":2560},{\"@type\":\"BreadcrumbList\",\"@id\":\"https:\\\/\\\/www.chateau-jaubertie.com\\\/en\\\/product\\\/tradition-rose\\\/#breadcrumb\",\"itemListElement\":[{\"@type\":\"ListItem\",\"position\":1,\"name\":\"Accueil\",\"item\":\"https:\\\/\\\/www.chateau-jaubertie.com\\\/en\\\/\"},{\"@type\":\"ListItem\",\"position\":2,\"name\":\"Shop\",\"item\":\"https:\\\/\\\/www.chateau-jaubertie.com\\\/en\\\/shop\\\/\"},{\"@type\":\"ListItem\",\"position\":3,\"name\":\"Tradition Ros\u00e9 2024\"}]},{\"@type\":\"WebSite\",\"@id\":\"https:\\\/\\\/www.chateau-jaubertie.com\\\/#website\",\"url\":\"https:\\\/\\\/www.chateau-jaubertie.com\\\/\",\"name\":\"Ch\u00e2teau de la Jaubertie\",\"description\":\"Un vin biologique alli\u00e9 \u00e0 la noblesse d\u2019un ch\u00e2teau d\u2019exception. Le Ch\u00e2teau de la Jaubertie propose des cuv\u00e9es de prestige de toutes les couleurs.\",\"potentialAction\":[{\"@type\":\"SearchAction\",\"target\":{\"@type\":\"EntryPoint\",\"urlTemplate\":\"https:\\\/\\\/www.chateau-jaubertie.com\\\/?s={search_term_string}\"},\"query-input\":{\"@type\":\"PropertyValueSpecification\",\"valueRequired\":true,\"valueName\":\"search_term_string\"}}],\"inLanguage\":\"en-US\"}]}<\/script>\n<!-- \/ Yoast SEO plugin. -->","yoast_head_json":{"title":"Tradition Ros\u00e9 2024 - Ch\u00e2teau de la Jaubertie","description":"The Tradition Ros\u00e9 is a blend of 60% Merlot and 40% Cabernet Sauvignon. Purchase 6 bottles of our Tradition Ros\u00e9 2024 and receive one free bottle. Offer","robots":{"index":"index","follow":"follow","max-snippet":"max-snippet:-1","max-image-preview":"max-image-preview:large","max-video-preview":"max-video-preview:-1"},"canonical":"https:\/\/www.chateau-jaubertie.com\/en\/product\/tradition-rose\/","og_locale":"en_US","og_type":"article","og_title":"Tradition Ros\u00e9 2024 - Ch\u00e2teau de la Jaubertie","og_description":"The Tradition Ros\u00e9 is a blend of 60% Merlot and 40% Cabernet Sauvignon. Purchase 6 bottles of our Tradition Ros\u00e9 2024 and receive one free bottle. Offer","og_url":"https:\/\/www.chateau-jaubertie.com\/en\/product\/tradition-rose\/","og_site_name":"Ch\u00e2teau de la Jaubertie","article_modified_time":"2026-03-24T13:09:08+00:00","og_image":[{"width":1707,"height":2560,"url":"https:\/\/www.chateau-jaubertie.com\/wp-content\/uploads\/2025\/06\/VH106420-scaled.jpg","type":"image\/jpeg"}],"twitter_card":"summary_large_image","twitter_misc":{"Est. reading time":"2 minutes"},"schema":{"@context":"https:\/\/schema.org","@graph":[{"@type":"WebPage","@id":"https:\/\/www.chateau-jaubertie.com\/en\/product\/tradition-rose\/","url":"https:\/\/www.chateau-jaubertie.com\/en\/product\/tradition-rose\/","name":"Tradition Ros\u00e9 2024 - Ch\u00e2teau de la Jaubertie","isPartOf":{"@id":"https:\/\/www.chateau-jaubertie.com\/#website"},"primaryImageOfPage":{"@id":"https:\/\/www.chateau-jaubertie.com\/en\/product\/tradition-rose\/#primaryimage"},"image":{"@id":"https:\/\/www.chateau-jaubertie.com\/en\/product\/tradition-rose\/#primaryimage"},"thumbnailUrl":"https:\/\/www.chateau-jaubertie.com\/wp-content\/uploads\/2025\/06\/VH106420-scaled.jpg","datePublished":"2020-07-10T13:49:27+00:00","dateModified":"2026-03-24T13:09:08+00:00","description":"The Tradition Ros\u00e9 is a blend of 60% Merlot and 40% Cabernet Sauvignon. Purchase 6 bottles of our Tradition Ros\u00e9 2024 and receive one free bottle. Offer","breadcrumb":{"@id":"https:\/\/www.chateau-jaubertie.com\/en\/product\/tradition-rose\/#breadcrumb"},"inLanguage":"en-US","potentialAction":[{"@type":"ReadAction","target":["https:\/\/www.chateau-jaubertie.com\/en\/product\/tradition-rose\/"]}]},{"@type":"ImageObject","inLanguage":"en-US","@id":"https:\/\/www.chateau-jaubertie.com\/en\/product\/tradition-rose\/#primaryimage","url":"https:\/\/www.chateau-jaubertie.com\/wp-content\/uploads\/2025\/06\/VH106420-scaled.jpg","contentUrl":"https:\/\/www.chateau-jaubertie.com\/wp-content\/uploads\/2025\/06\/VH106420-scaled.jpg","width":1707,"height":2560},{"@type":"BreadcrumbList","@id":"https:\/\/www.chateau-jaubertie.com\/en\/product\/tradition-rose\/#breadcrumb","itemListElement":[{"@type":"ListItem","position":1,"name":"Accueil","item":"https:\/\/www.chateau-jaubertie.com\/en\/"},{"@type":"ListItem","position":2,"name":"Shop","item":"https:\/\/www.chateau-jaubertie.com\/en\/shop\/"},{"@type":"ListItem","position":3,"name":"Tradition Ros\u00e9 2024"}]},{"@type":"WebSite","@id":"https:\/\/www.chateau-jaubertie.com\/#website","url":"https:\/\/www.chateau-jaubertie.com\/","name":"Ch\u00e2teau de la Jaubertie","description":"Un vin biologique alli\u00e9 \u00e0 la noblesse d\u2019un ch\u00e2teau d\u2019exception. Le Ch\u00e2teau de la Jaubertie propose des cuv\u00e9es de prestige de toutes les couleurs.","potentialAction":[{"@type":"SearchAction","target":{"@type":"EntryPoint","urlTemplate":"https:\/\/www.chateau-jaubertie.com\/?s={search_term_string}"},"query-input":{"@type":"PropertyValueSpecification","valueRequired":true,"valueName":"search_term_string"}}],"inLanguage":"en-US"}]}},"_links":{"self":[{"href":"https:\/\/www.chateau-jaubertie.com\/en\/wp-json\/wp\/v2\/product\/940","targetHints":{"allow":["GET"]}}],"collection":[{"href":"https:\/\/www.chateau-jaubertie.com\/en\/wp-json\/wp\/v2\/product"}],"about":[{"href":"https:\/\/www.chateau-jaubertie.com\/en\/wp-json\/wp\/v2\/types\/product"}],"wp:featuredmedia":[{"embeddable":true,"href":"https:\/\/www.chateau-jaubertie.com\/en\/wp-json\/wp\/v2\/media\/3094"}],"wp:attachment":[{"href":"https:\/\/www.chateau-jaubertie.com\/en\/wp-json\/wp\/v2\/media?parent=940"}],"wp:term":[{"taxonomy":"product_brand","embeddable":true,"href":"https:\/\/www.chateau-jaubertie.com\/en\/wp-json\/wp\/v2\/product_brand?post=940"},{"taxonomy":"product_cat","embeddable":true,"href":"https:\/\/www.chateau-jaubertie.com\/en\/wp-json\/wp\/v2\/product_cat?post=940"},{"taxonomy":"product_tag","embeddable":true,"href":"https:\/\/www.chateau-jaubertie.com\/en\/wp-json\/wp\/v2\/product_tag?post=940"}],"curies":[{"name":"wp","href":"https:\/\/api.w.org\/{rel}","templated":true}]}}